{"id":1787,"date":"2021-01-21T16:42:28","date_gmt":"2021-01-21T16:42:29","guid":{"rendered":"http:\/\/123kassarollen.be\/?post_type=product&#038;p=1787"},"modified":"2022-05-26T04:26:47","modified_gmt":"2022-05-26T04:26:47","slug":"etiquette-thermique-56x25-permanent-2","status":"publish","type":"product","link":"https:\/\/123kassarollen.be\/fr\/produit\/etiquette-thermique-56x25-permanent-2\/","title":{"rendered":"Etiquette thermique 56&#215;25 &#8211; Permanent"},"content":{"rendered":"<p>Achetez vos \u00e9tiquettes Epson 56\u00d725 avec adh\u00e9sif permanent par internet. Vous pouvez commander des \u00e9tiquettes Epson 56\u00d725 chez nous \u00e0 des prix tr\u00e8s comp\u00e9titifs et avec la livraison gratuite. Nos rouleaux sont emball\u00e9s par 24 rouleaux et ont 1000 \u00e9tiquettes par rouleau avec un adh\u00e9sif permanent.<\/p>\n","protected":false},"excerpt":{"rendered":"<p id=\"tw-target-text\" class=\"tw-data-text tw-text-large XcVN5d tw-ta\" dir=\"ltr\" data-placeholder=\"Vertaling\">Avec trou de direction Etiquette thermique en mm: 56&#215;25 pour epson TML-60 &amp; TML-90<br \/>\nNombre d\u2019etiquettes sur un rouleau : 1000<br \/>\nThermique, adh\u00e9sif permanent<br \/>\n24 rouleaux par boite<br \/>\nCoeur: 26mm<\/p>\n<p>\u00e0 partir de 1 boite : \u20ac7,10 par rouleau<br \/>\n\u00e0 partir de 3 boites : \u20ac6,55 par rouleau<br \/>\n\u00e0 partir de 5 boites : \u20ac6,30 par rouleau<\/p>\n","protected":false},"featured_media":1452,"template":"","meta":{"_acf_changed":false},"product_brand":[],"product_cat":[72,120],"product_tag":[],"class_list":{"0":"post-1787","1":"product","2":"type-product","3":"status-publish","4":"has-post-thumbnail","6":"product_cat-etiquettes-epson","7":"product_cat-etiquettespharmacie","9":"first","10":"instock","11":"featured","12":"taxable","13":"shipping-taxable","14":"purchasable","15":"product-type-simple"},"acf":[],"tiered_pricing_type":"fixed","tiered_pricing_fixed_rules":{"3":157.2,"5":151.2},"tiered_pricing_product_settings":{"layout":"default","base_unit_name":{"singular":null,"plural":null},"default_variation":null},"tiered_pricing_minimum_quantity":null,"tiered_pricing_roles_data":[],"tiered_pricing_percentage_rules":[],"_links":{"self":[{"href":"https:\/\/123kassarollen.be\/fr\/wp-json\/wp\/v2\/product\/1787","targetHints":{"allow":["GET"]}}],"collection":[{"href":"https:\/\/123kassarollen.be\/fr\/wp-json\/wp\/v2\/product"}],"about":[{"href":"https:\/\/123kassarollen.be\/fr\/wp-json\/wp\/v2\/types\/product"}],"wp:featuredmedia":[{"embeddable":true,"href":"https:\/\/123kassarollen.be\/fr\/wp-json\/wp\/v2\/media\/1452"}],"wp:attachment":[{"href":"https:\/\/123kassarollen.be\/fr\/wp-json\/wp\/v2\/media?parent=1787"}],"wp:term":[{"taxonomy":"product_brand","embeddable":true,"href":"https:\/\/123kassarollen.be\/fr\/wp-json\/wp\/v2\/product_brand?post=1787"},{"taxonomy":"product_cat","embeddable":true,"href":"https:\/\/123kassarollen.be\/fr\/wp-json\/wp\/v2\/product_cat?post=1787"},{"taxonomy":"product_tag","embeddable":true,"href":"https:\/\/123kassarollen.be\/fr\/wp-json\/wp\/v2\/product_tag?post=1787"}],"curies":[{"name":"wp","href":"https:\/\/api.w.org\/{rel}","templated":true}]}}