{"id":1756,"date":"2021-01-01T13:22:56","date_gmt":"2021-01-01T13:22:56","guid":{"rendered":"http:\/\/123kassarollen.be\/?post_type=product&#038;p=1756"},"modified":"2021-01-01T13:27:58","modified_gmt":"2021-01-01T13:27:58","slug":"rouleaux-de-caisse-112x47x12-kopie","status":"publish","type":"product","link":"https:\/\/123kassarollen.be\/fr\/produit\/rouleaux-de-caisse-112x47x12-kopie\/","title":{"rendered":"Rouleaux de caisse 76x70x12"},"content":{"rendered":"","protected":false},"excerpt":{"rendered":"<p>Rouleaux de caisse thermique 76x70x12<br \/>\nSans BPA<br \/>\n60m<\/p>\n<p>Prix\u00a0 par boite de 50 roleaux<br \/>\n<span lang=\"fr\">Equip\u00e9 de bandes d&rsquo;extr\u00e9mit\u00e9<br \/>\nLivraison gratuite<\/span><\/p>\n<div class=\"post-content woocommerce-product-details__short-description\">\n<p id=\"tw-target-text\" class=\"tw-data-text tw-text-large XcVN5d tw-ta\" dir=\"ltr\" data-placeholder=\"Vertaling\"><span lang=\"fr\">Besoin de plus grandes quantit\u00e9s? Contactez nous!<\/span><\/p>\n<\/div>\n","protected":false},"featured_media":1438,"template":"","meta":{"_acf_changed":false},"product_brand":[],"product_cat":[77],"product_tag":[],"class_list":{"0":"post-1756","1":"product","2":"type-product","3":"status-publish","4":"has-post-thumbnail","6":"product_cat-rouleaux-thermique","8":"first","9":"instock","10":"taxable","11":"shipping-taxable","12":"purchasable","13":"product-type-simple"},"acf":[],"tiered_pricing_type":"fixed","tiered_pricing_fixed_rules":{"3":65,"5":62.5},"tiered_pricing_product_settings":{"layout":"default","base_unit_name":{"singular":null,"plural":null},"default_variation":null},"tiered_pricing_minimum_quantity":null,"tiered_pricing_roles_data":[],"tiered_pricing_percentage_rules":[],"_links":{"self":[{"href":"https:\/\/123kassarollen.be\/fr\/wp-json\/wp\/v2\/product\/1756","targetHints":{"allow":["GET"]}}],"collection":[{"href":"https:\/\/123kassarollen.be\/fr\/wp-json\/wp\/v2\/product"}],"about":[{"href":"https:\/\/123kassarollen.be\/fr\/wp-json\/wp\/v2\/types\/product"}],"wp:featuredmedia":[{"embeddable":true,"href":"https:\/\/123kassarollen.be\/fr\/wp-json\/wp\/v2\/media\/1438"}],"wp:attachment":[{"href":"https:\/\/123kassarollen.be\/fr\/wp-json\/wp\/v2\/media?parent=1756"}],"wp:term":[{"taxonomy":"product_brand","embeddable":true,"href":"https:\/\/123kassarollen.be\/fr\/wp-json\/wp\/v2\/product_brand?post=1756"},{"taxonomy":"product_cat","embeddable":true,"href":"https:\/\/123kassarollen.be\/fr\/wp-json\/wp\/v2\/product_cat?post=1756"},{"taxonomy":"product_tag","embeddable":true,"href":"https:\/\/123kassarollen.be\/fr\/wp-json\/wp\/v2\/product_tag?post=1756"}],"curies":[{"name":"wp","href":"https:\/\/api.w.org\/{rel}","templated":true}]}}