{"id":1564,"date":"2020-08-13T13:03:48","date_gmt":"2020-09-30T08:39:05","guid":{"rendered":"http:\/\/123kassarollen.be\/?post_type=product&#038;p=1564"},"modified":"2022-02-11T14:23:41","modified_gmt":"2022-02-11T14:23:41","slug":"verifone-vx810-rouleaux-bancontact","status":"publish","type":"product","link":"https:\/\/123kassarollen.be\/fr\/produit\/verifone-vx810-rouleaux-bancontact\/","title":{"rendered":"Verifone VX810 rouleaux bancontact 57x47x12"},"content":{"rendered":"<div class=\"woocommerce-tabs wc-tabs-wrapper\">\n<div id=\"tab-description\" class=\"woocommerce-Tabs-panel woocommerce-Tabs-panel--description panel entry-content wc-tab\" role=\"tabpanel\" aria-labelledby=\"tab-title-description\">\n<div class=\"post-content\">\n<p class=\"p1\">Achetez vos rouleaux bancontact pour votre terminal de paiment par Internet. Vous pouvez commander chez nous les rouleaux de papier aux meilleurs prix. Les rouleaux bancontact sont emball\u00e9s par 50 rouleaux dans 1 bo\u00eete et ont une longueur de 25 m\u00e8tres.<\/p>\n<\/div>\n<\/div>\n<\/div>\n<div class=\"fusion-clearfix\"><\/div>\n<div class=\"fusion-clearfix\"><\/div>\n<section class=\"related products\">\n<div class=\"fusion-title title sep-none\"><\/div>\n<\/section>\n","protected":false},"excerpt":{"rendered":"<p>Sans BPA<\/p>\n<p>Rouleaux bancontact thermiques fabriqu\u00e9s avec du papier thermique A en 57x47x12.<br \/>\nLe papier thermique de ce type de rouleaux bancontact mesure 25 m\u00e8tres.<\/p>\n<p>Prix par boite de 50 rouleaux<br \/>\nLivraison gratuite \u00e0 partir de \u20ac 30,-<\/p>\n<p>Besoin de plus grandes quantit\u00e9s? Contactez nous!<\/p>\n","protected":false},"featured_media":1565,"template":"","meta":{"_acf_changed":false},"product_brand":[],"product_cat":[70],"product_tag":[],"class_list":{"0":"post-1564","1":"product","2":"type-product","3":"status-publish","4":"has-post-thumbnail","6":"product_cat-rouleaux-bancontact","8":"first","9":"instock","10":"taxable","11":"shipping-taxable","12":"purchasable","13":"product-type-simple"},"acf":[],"tiered_pricing_type":"fixed","tiered_pricing_fixed_rules":{"3":26.85,"5":24.9,"10":21.7,"30":19.5},"tiered_pricing_product_settings":{"layout":"default","base_unit_name":{"singular":null,"plural":null},"default_variation":null},"tiered_pricing_minimum_quantity":null,"tiered_pricing_roles_data":[],"tiered_pricing_percentage_rules":[],"_links":{"self":[{"href":"https:\/\/123kassarollen.be\/fr\/wp-json\/wp\/v2\/product\/1564","targetHints":{"allow":["GET"]}}],"collection":[{"href":"https:\/\/123kassarollen.be\/fr\/wp-json\/wp\/v2\/product"}],"about":[{"href":"https:\/\/123kassarollen.be\/fr\/wp-json\/wp\/v2\/types\/product"}],"wp:featuredmedia":[{"embeddable":true,"href":"https:\/\/123kassarollen.be\/fr\/wp-json\/wp\/v2\/media\/1565"}],"wp:attachment":[{"href":"https:\/\/123kassarollen.be\/fr\/wp-json\/wp\/v2\/media?parent=1564"}],"wp:term":[{"taxonomy":"product_brand","embeddable":true,"href":"https:\/\/123kassarollen.be\/fr\/wp-json\/wp\/v2\/product_brand?post=1564"},{"taxonomy":"product_cat","embeddable":true,"href":"https:\/\/123kassarollen.be\/fr\/wp-json\/wp\/v2\/product_cat?post=1564"},{"taxonomy":"product_tag","embeddable":true,"href":"https:\/\/123kassarollen.be\/fr\/wp-json\/wp\/v2\/product_tag?post=1564"}],"curies":[{"name":"wp","href":"https:\/\/api.w.org\/{rel}","templated":true}]}}