{"id":1549,"date":"2020-08-13T13:03:48","date_gmt":"2020-09-30T08:05:07","guid":{"rendered":"http:\/\/123kassarollen.be\/?post_type=product&#038;p=1549"},"modified":"2022-02-11T13:49:08","modified_gmt":"2022-02-11T13:49:08","slug":"verifone-vx690-rouleaux-bancontact","status":"publish","type":"product","link":"https:\/\/123kassarollen.be\/fr\/produit\/verifone-vx690-rouleaux-bancontact\/","title":{"rendered":"Verifone VX690 rouleaux bancontact 57x40x12"},"content":{"rendered":"<p>Achetez vos rouleaux bancontact 57x40x12 pour votre terminal de paiment Verifone VX690 par Internet. Vous pouvez commander chez nous les rouleaux de papier aux meilleurs prix. Les rouleaux bancontact sont emball\u00e9s par 50 rouleaux dans 1 bo\u00eete et ont une longueur de 20 m\u00e8tres.<\/p>\n","protected":false},"excerpt":{"rendered":"<p>Rouleaux bancontact thermiques fabriqu\u00e9s avec du papier thermique A en 57x40x12mm.<br \/>\nLe papier thermique de ce type de rouleaux bancontact mesure 20 m\u00e8tres.<\/p>\n<p>Sans BPA<\/p>\n<p>Prix par boite de 50 rouleaux<br \/>\nLivraison gratuite \u00e0 partir de \u20ac 30,-<\/p>\n<p>Besoin de plus grandes quantit\u00e9s? Contactez nous!<\/p>\n","protected":false},"featured_media":1551,"template":"","meta":{"_acf_changed":false},"product_brand":[],"product_cat":[70],"product_tag":[],"class_list":{"0":"post-1549","1":"product","2":"type-product","3":"status-publish","4":"has-post-thumbnail","6":"product_cat-rouleaux-bancontact","8":"first","9":"instock","10":"taxable","11":"shipping-taxable","12":"purchasable","13":"product-type-simple"},"acf":[],"tiered_pricing_type":"fixed","tiered_pricing_fixed_rules":{"3":26.85,"5":24.9,"10":21.7,"30":19.5},"tiered_pricing_product_settings":{"layout":"default","base_unit_name":{"singular":null,"plural":null},"default_variation":null},"tiered_pricing_minimum_quantity":null,"tiered_pricing_roles_data":[],"tiered_pricing_percentage_rules":[],"_links":{"self":[{"href":"https:\/\/123kassarollen.be\/fr\/wp-json\/wp\/v2\/product\/1549","targetHints":{"allow":["GET"]}}],"collection":[{"href":"https:\/\/123kassarollen.be\/fr\/wp-json\/wp\/v2\/product"}],"about":[{"href":"https:\/\/123kassarollen.be\/fr\/wp-json\/wp\/v2\/types\/product"}],"wp:featuredmedia":[{"embeddable":true,"href":"https:\/\/123kassarollen.be\/fr\/wp-json\/wp\/v2\/media\/1551"}],"wp:attachment":[{"href":"https:\/\/123kassarollen.be\/fr\/wp-json\/wp\/v2\/media?parent=1549"}],"wp:term":[{"taxonomy":"product_brand","embeddable":true,"href":"https:\/\/123kassarollen.be\/fr\/wp-json\/wp\/v2\/product_brand?post=1549"},{"taxonomy":"product_cat","embeddable":true,"href":"https:\/\/123kassarollen.be\/fr\/wp-json\/wp\/v2\/product_cat?post=1549"},{"taxonomy":"product_tag","embeddable":true,"href":"https:\/\/123kassarollen.be\/fr\/wp-json\/wp\/v2\/product_tag?post=1549"}],"curies":[{"name":"wp","href":"https:\/\/api.w.org\/{rel}","templated":true}]}}