{"id":1540,"date":"2020-09-04T08:11:34","date_gmt":"2020-09-30T07:24:16","guid":{"rendered":"http:\/\/123kassarollen.be\/?post_type=product&#038;p=1540"},"modified":"2024-02-01T12:29:41","modified_gmt":"2024-02-01T12:29:41","slug":"rouleaux-de-caisse-80x80x12-55-gr","status":"publish","type":"product","link":"https:\/\/123kassarollen.be\/fr\/produit\/rouleaux-de-caisse-80x80x12-55-gr\/","title":{"rendered":"Rouleaux de caisse 80x80x12 \u2013 55 Gr."},"content":{"rendered":"<p>Achetez vos rouleaux de caisse enregistreuse thermique 80x80x12 par internet. Les rouleaux de caisse 80x80x12 est le plus vendu des rouleaux de papier. Vous pouvez commander ces rouleaux de caisse chez nous \u00e0 des prix tr\u00e8s comp\u00e9titifs et avec la livraison gratuite. Nos rouleaux sont emball\u00e9s par 50\u00a0 et ont une longueur de 75 m\u00e8tres.<\/p>\n","protected":false},"excerpt":{"rendered":"<p>Rouleaux de caise thermique 80x80x12<br \/>\nSans BPA<\/p>\n<p>Papier de 55 gramme<\/p>\n<p>Prix par boite de 50 rouleaux<br \/>\nLivraison gratuite<\/p>\n<p>Rouleaux de caisse thermiques 80x80x12 fabriqu\u00e9s avec du papier thermique de qualit\u00e9 A.<br \/>\nLe papier thermique de ce rouleau de caisse 80x80x12 mesure 75 m\u00e8tres.<\/p>\n<p>Besoin de plus grandes quantit\u00e9s? Contactez nous!<\/p>\n","protected":false},"featured_media":1438,"template":"","meta":{"_acf_changed":false},"product_brand":[],"product_cat":[77],"product_tag":[],"class_list":{"0":"post-1540","1":"product","2":"type-product","3":"status-publish","4":"has-post-thumbnail","6":"product_cat-rouleaux-thermique","8":"first","9":"instock","10":"featured","11":"taxable","12":"shipping-taxable","13":"purchasable","14":"product-type-simple"},"acf":[],"tiered_pricing_type":"fixed","tiered_pricing_fixed_rules":{"3":66.95,"5":63.95,"10":60.95,"20":57.95,"30":55.5},"tiered_pricing_product_settings":{"layout":"default","base_unit_name":{"singular":null,"plural":null},"default_variation":null},"tiered_pricing_minimum_quantity":null,"tiered_pricing_roles_data":[],"tiered_pricing_percentage_rules":[],"_links":{"self":[{"href":"https:\/\/123kassarollen.be\/fr\/wp-json\/wp\/v2\/product\/1540","targetHints":{"allow":["GET"]}}],"collection":[{"href":"https:\/\/123kassarollen.be\/fr\/wp-json\/wp\/v2\/product"}],"about":[{"href":"https:\/\/123kassarollen.be\/fr\/wp-json\/wp\/v2\/types\/product"}],"wp:featuredmedia":[{"embeddable":true,"href":"https:\/\/123kassarollen.be\/fr\/wp-json\/wp\/v2\/media\/1438"}],"wp:attachment":[{"href":"https:\/\/123kassarollen.be\/fr\/wp-json\/wp\/v2\/media?parent=1540"}],"wp:term":[{"taxonomy":"product_brand","embeddable":true,"href":"https:\/\/123kassarollen.be\/fr\/wp-json\/wp\/v2\/product_brand?post=1540"},{"taxonomy":"product_cat","embeddable":true,"href":"https:\/\/123kassarollen.be\/fr\/wp-json\/wp\/v2\/product_cat?post=1540"},{"taxonomy":"product_tag","embeddable":true,"href":"https:\/\/123kassarollen.be\/fr\/wp-json\/wp\/v2\/product_tag?post=1540"}],"curies":[{"name":"wp","href":"https:\/\/api.w.org\/{rel}","templated":true}]}}