{"id":1497,"date":"2020-09-07T11:24:34","date_gmt":"2020-09-29T11:04:14","guid":{"rendered":"http:\/\/123kassarollen.be\/?post_type=product&#038;p=1497"},"modified":"2020-09-29T11:04:14","modified_gmt":"2020-09-29T11:04:14","slug":"rouleaux-double-blanc-jaune-57x70x12","status":"publish","type":"product","link":"https:\/\/123kassarollen.be\/fr\/produit\/rouleaux-double-blanc-jaune-57x70x12\/","title":{"rendered":"Rouleaux double blanc\/jaune 57X70X12"},"content":{"rendered":"","protected":false},"excerpt":{"rendered":"<p>Sans BPA<\/p>\n<p>Prix par boite de 50 rouleaux<br \/>\nLivraison gratuite<\/p>\n<p>Rouleaux double blanc\/jaune 57x70x12 fabriqu\u00e9s avec du papier sans bois de qualit\u00e9 sup\u00e9rieure.<br \/>\nLe papier sans bois de ce type de rouleau de caisse 57x70x12 mesure 28 m\u00e8tres.<\/p>\n<p>Besoin de plus grandes quantit\u00e9s? Contactez nous!<\/p>\n","protected":false},"featured_media":1498,"template":"","meta":{"_acf_changed":false},"product_brand":[],"product_cat":[75],"product_tag":[],"class_list":{"0":"post-1497","1":"product","2":"type-product","3":"status-publish","4":"has-post-thumbnail","6":"product_cat-rouleaux-double","8":"first","9":"instock","10":"taxable","11":"shipping-taxable","12":"purchasable","13":"product-type-simple"},"acf":[],"tiered_pricing_type":"fixed","tiered_pricing_fixed_rules":{"3":47.5,"5":45},"tiered_pricing_product_settings":{"layout":"default","base_unit_name":{"singular":null,"plural":null},"default_variation":null},"tiered_pricing_minimum_quantity":null,"tiered_pricing_roles_data":[],"tiered_pricing_percentage_rules":[],"_links":{"self":[{"href":"https:\/\/123kassarollen.be\/fr\/wp-json\/wp\/v2\/product\/1497","targetHints":{"allow":["GET"]}}],"collection":[{"href":"https:\/\/123kassarollen.be\/fr\/wp-json\/wp\/v2\/product"}],"about":[{"href":"https:\/\/123kassarollen.be\/fr\/wp-json\/wp\/v2\/types\/product"}],"wp:featuredmedia":[{"embeddable":true,"href":"https:\/\/123kassarollen.be\/fr\/wp-json\/wp\/v2\/media\/1498"}],"wp:attachment":[{"href":"https:\/\/123kassarollen.be\/fr\/wp-json\/wp\/v2\/media?parent=1497"}],"wp:term":[{"taxonomy":"product_brand","embeddable":true,"href":"https:\/\/123kassarollen.be\/fr\/wp-json\/wp\/v2\/product_brand?post=1497"},{"taxonomy":"product_cat","embeddable":true,"href":"https:\/\/123kassarollen.be\/fr\/wp-json\/wp\/v2\/product_cat?post=1497"},{"taxonomy":"product_tag","embeddable":true,"href":"https:\/\/123kassarollen.be\/fr\/wp-json\/wp\/v2\/product_tag?post=1497"}],"curies":[{"name":"wp","href":"https:\/\/api.w.org\/{rel}","templated":true}]}}