{"id":1596,"date":"2020-10-17T14:18:40","date_gmt":"2020-10-17T14:18:40","guid":{"rendered":"http:\/\/123kassarollen.be\/?page_id=1596"},"modified":"2021-02-05T12:08:34","modified_gmt":"2021-02-05T12:08:34","slug":"recherche-par-appareil","status":"publish","type":"page","link":"https:\/\/123kassarollen.be\/fr\/rouleaux-bancontact\/recherche-par-appareil\/","title":{"rendered":"Recherche par appareil"},"content":{"rendered":"<div class=\"fusion-fullwidth fullwidth-box fusion-builder-row-1 nonhundred-percent-fullwidth non-hundred-percent-height-scrolling\" style=\"--awb-border-radius-top-left:0px;--awb-border-radius-top-right:0px;--awb-border-radius-bottom-right:0px;--awb-border-radius-bottom-left:0px;--awb-flex-wrap:wrap;\" ><div class=\"fusion-builder-row fusion-row\"><div class=\"fusion-layout-column fusion_builder_column fusion-builder-column-0 fusion_builder_column_3_4 3_4 fusion-three-fourth fusion-column-first\" style=\"--awb-bg-size:cover;width:75%;width:calc(75% - ( ( 4% ) * 0.75 ) );margin-right: 4%;\"><div class=\"fusion-column-wrapper fusion-column-has-shadow fusion-flex-column-wrapper-legacy\"><div style=\"font-size: 24px!important; font-weight: 600!important; padding-bottom: 15px;\">Recherche par appareil<\/div><div class=\"fusion-builder-row fusion-builder-row-inner fusion-row\"><div class=\"fusion-layout-column fusion_builder_column_inner fusion-builder-nested-column-0 fusion_builder_column_inner_1_3 1_3 fusion-one-third fusion-column-first\" style=\"--awb-bg-size:cover;width:33.333333333333%;width:calc(33.333333333333% - ( ( 4% + 4% ) * 0.33333333333333 ) );margin-right: 4%;\"><div class=\"fusion-column-wrapper fusion-column-has-shadow fusion-flex-column-wrapper-legacy\"><div class=\"fusion-text fusion-text-1\"><h4>Par taille<\/h4>\n<ul>\n<li><a href=\"http:\/\/123kassarollen.be\/product\/papierrollen-57x30x8\/\">57x30x08<\/a><\/li>\n<li><a href=\"http:\/\/123kassarollen.be\/product\/papierrollen-58x35x12\/\">58x35x12<\/a><\/li>\n<li><a href=\"http:\/\/123kassarollen.be\/product\/bancontactrollen-57x38x12\/\">57x38x12<\/a><\/li>\n<li><a href=\"http:\/\/123kassarollen.be\/product\/papierrollen-57x40x12\/\">57x40x12<\/a><\/li>\n<li><a href=\"http:\/\/123kassarollen.be\/product\/papierrollen-57x47x12\/\">57x47x12<\/a><\/li>\n<\/ul>\n<h4><\/h4>\n<h4 class=\"\">Alphyra<\/h4>\n<ul class=\"\">\n<li><a href=\"http:\/\/123kassarollen.be\/product\/papierrollen-57x47x12\/\">Alphyra E-point 5164<\/a><\/li>\n<li><a href=\"http:\/\/123kassarollen.be\/product\/papierrollen-58x35x12\/\">Alphyra ICT220MU<\/a><\/li>\n<li><a href=\"http:\/\/123kassarollen.be\/product\/papierrollen-57x47x12\/\">Alphyra Ingenico<\/a><\/li>\n<li><a href=\"http:\/\/123kassarollen.be\/product\/papierrollen-58x35x12\/\">Alphyra Ingenico IPP350<\/a><\/li>\n<\/ul>\n<h4 class=\"\">Atos Worldline<\/h4>\n<ul class=\"\">\n<li><a href=\"http:\/\/123kassarollen.be\/product\/papierrollen-57x47x12\/\">Atos Wordline Yomani<\/a><\/li>\n<li><a href=\"http:\/\/123kassarollen.be\/product\/papierrollen-57x47x12\/\">Atos Wordline Yomova<\/a><\/li>\n<li><a href=\"http:\/\/123kassarollen.be\/product\/papierrollen-57x30x8\/\">Atos Worldline Yoximo<\/a><\/li>\n<li><a href=\"http:\/\/123kassarollen.be\/product\/papierrollen-57x47x12\/\">Atos Worldline Xenta<\/a><\/li>\n<li><a href=\"http:\/\/123kassarollen.be\/product\/papierrollen-57x30x8\/\">Atos Worldline Xentissimo<\/a><\/li>\n<\/ul>\n<h4 class=\"\">Sepay<\/h4>\n<ul class=\"\">\n<li><a href=\"http:\/\/123kassarollen.be\/product\/papierrollen-57x30x8\/\">Alle types<\/a><\/li>\n<\/ul>\n<h4 class=\"\">Banksys<\/h4>\n<ul class=\"\">\n<li><a href=\"http:\/\/123kassarollen.be\/product\/papierrollen-57x47x12\/\">Banksys Xenta<\/a><\/li>\n<li><a href=\"http:\/\/123kassarollen.be\/product\/papierrollen-57x30x8\/\">Banksys Xentissimo<\/a><\/li>\n<\/ul>\n<h4>Viva Wallet<\/h4>\n<ul>\n<li><a href=\"http:\/\/123kassarollen.be\/product\/viva-wallet-papierrollen-57x40x12\/\">Viva Wallet PAX A-910<\/a><\/li>\n<li><a href=\"http:\/\/123kassarollen.be\/product\/viva-wallet-papierrollen-57x40x12\/\">Viva Wallet PAX A-920<\/a><\/li>\n<\/ul>\n<\/div><div class=\"fusion-clearfix\"><\/div><\/div><\/div><div class=\"fusion-layout-column fusion_builder_column_inner fusion-builder-nested-column-1 fusion_builder_column_inner_1_3 1_3 fusion-one-third\" style=\"--awb-bg-size:cover;width:33.333333333333%;width:calc(33.333333333333% - ( ( 4% + 4% ) * 0.33333333333333 ) );margin-right: 4%;\"><div class=\"fusion-column-wrapper fusion-column-has-shadow fusion-flex-column-wrapper-legacy\"><div class=\"fusion-text fusion-text-2\"><h4>Ingenico<\/h4>\n<ul class=\"\">\n<li><a href=\"http:\/\/123kassarollen.be\/product\/papierrollen-57x40x12\/\">ICT 220<\/a><\/li>\n<li><a href=\"http:\/\/123kassarollen.be\/product\/papierrollen-57x40x12\/\">ICT 250<\/a><\/li>\n<li><a href=\"http:\/\/123kassarollen.be\/product\/papierrollen-57x40x12\/\">IWL 250<\/a><\/li>\n<li><a href=\"http:\/\/123kassarollen.be\/product\/papierrollen-57x40x12\/\">IWL 251<\/a><\/li>\n<li><a href=\"http:\/\/123kassarollen.be\/product\/papierrollen-57x40x12\/\">IWL 252<\/a><\/li>\n<li><a href=\"http:\/\/123kassarollen.be\/product\/papierrollen-57x40x12\/\">Tetra Desk 5000<\/a><\/li>\n<li><a href=\"http:\/\/123kassarollen.be\/product\/papierrollen-57x40x12\/\">Tetra Move 5000<\/a><\/li>\n<\/ul>\n<h4>CCV \/ VERIFONE<\/h4>\n<ul class=\"disc\">\n<li><a href=\"http:\/\/123kassarollen.be\/product\/papierrollen-57x47x12\/\">CCV OMNI2250<\/a><\/li>\n<li><a href=\"http:\/\/123kassarollen.be\/product\/papierrollen-57x47x12\/\">CCV OMNI3750<\/a><\/li>\n<li><a href=\"http:\/\/123kassarollen.be\/product\/papierrollen-57x47x12\/\">CCV OMNI5750<\/a><\/li>\n<li><a href=\"http:\/\/123kassarollen.be\/product\/papierrollen-58x35x12\/\">CCV Sapphire<\/a><\/li>\n<li><a href=\"http:\/\/123kassarollen.be\/product\/papierrollen-57x47x12\/\">CCV \/ Verifone VX510<\/a><\/li>\n<li><a href=\"http:\/\/123kassarollen.be\/product\/papierrollen-57x40x12\/\">CCV \/ Verifone VX520<\/a><\/li>\n<li><a href=\"http:\/\/123kassarollen.be\/product\/papierrollen-57x47x12\/\">CCV \/ Verifone VX570<\/a><\/li>\n<li><a href=\"http:\/\/123kassarollen.be\/product\/papierrollen-57x40x12\/\">CCV \/ Verifone VX670<\/a><\/li>\n<li><a href=\"http:\/\/123kassarollen.be\/product\/papierrollen-57x40x12\/\">CCV \/ Verifone VX680<\/a><\/li>\n<\/ul>\n<h4>Loyaltek<\/h4>\n<ul class=\"disc\">\n<li><a href=\"http:\/\/123kassarollen.be\/product\/papierrollen-57x40x12\/\">Loyaltek<\/a><\/li>\n<\/ul>\n<h4>Pinlinq<\/h4>\n<ul class=\"disc\">\n<li><a href=\"http:\/\/123kassarollen.be\/product\/papierrollen-57x30x8\/\">Pinlinq Mobiele appareils<\/a><\/li>\n<li><a href=\"http:\/\/123kassarollen.be\/product\/papierrollen-57x47x12\/\">Pinlinq Vaste pin<\/a><\/li>\n<\/ul>\n<\/div><div class=\"fusion-clearfix\"><\/div><\/div><\/div><div class=\"fusion-layout-column fusion_builder_column_inner fusion-builder-nested-column-2 fusion_builder_column_inner_1_3 1_3 fusion-one-third fusion-column-last\" style=\"--awb-bg-size:cover;width:33.333333333333%;width:calc(33.333333333333% - ( ( 4% + 4% ) * 0.33333333333333 ) );\"><div class=\"fusion-column-wrapper fusion-column-has-shadow fusion-flex-column-wrapper-legacy\"><div class=\"fusion-text fusion-text-3\"><h4>myPOS<\/h4>\n<ul class=\"\">\n<li><a href=\"http:\/\/123kassarollen.be\/fr\/produit\/rouleaux-bancontact-57x40x12\/\">myPOS<\/a><\/li>\n<\/ul>\n<h4>Telium<\/h4>\n<ul class=\"\">\n<li><a href=\"http:\/\/123kassarollen.be\/fr\/produit\/rouleaux-bancontact-57x40x12\/\">Telium iCT220mu<\/a><\/li>\n<li><a href=\"http:\/\/123kassarollen.be\/fr\/produit\/rouleaux-bancontact-57x40x12\/\">Telium PP350<\/a><\/li>\n<\/ul>\n<h4>Keyware<\/h4>\n<ul class=\"\">\n<li><a href=\"http:\/\/123kassarollen.be\/fr\/produit\/rouleaux-bancontact-57x40x12\/\">Keyware PFV 3<\/a><\/li>\n<li><a href=\"http:\/\/123kassarollen.be\/fr\/produit\/rouleaux-bancontact-57x40x12\/\">Keyware PFV 4<\/a><\/li>\n<li><a href=\"http:\/\/123kassarollen.be\/fr\/produit\/rouleaux-bancontact-57x40x12\/\">Keyware PFV 5<\/a><\/li>\n<li><a href=\"http:\/\/123kassarollen.be\/fr\/produit\/rouleaux-bancontact-57x40x12\/\">Keyware PFV 6<\/a><\/li>\n<li><a href=\"http:\/\/123kassarollen.be\/fr\/produit\/rouleaux-bancontact-57x40x12\/\">Keyware PFV 7<\/a><\/li>\n<li><a href=\"http:\/\/123kassarollen.be\/fr\/produit\/rouleaux-bancontact-57x40x12\/\">Keyware PFV 8<\/a><\/li>\n<li><a href=\"http:\/\/123kassarollen.be\/fr\/produit\/rouleaux-bancontact-57x40x12\/\">Keyware PAV 1<\/a><\/li>\n<li><a href=\"http:\/\/123kassarollen.be\/fr\/produit\/rouleaux-bancontact-57x40x12\/\">Keyware PAV 2<\/a><\/li>\n<li><a href=\"http:\/\/123kassarollen.be\/fr\/produit\/rouleaux-bancontact-57x40x12\/\">Keyware PMV 2<\/a><\/li>\n<li><a href=\"http:\/\/123kassarollen.be\/fr\/produit\/rouleaux-bancontact-57x40x12\/\">Keyware PMV 3<\/a><\/li>\n<li><a href=\"http:\/\/123kassarollen.be\/fr\/produit\/rouleaux-bancontact-57x40x12\/\">Keyware ICT 220<\/a><\/li>\n<li><a href=\"http:\/\/123kassarollen.be\/fr\/produit\/rouleaux-bancontact-57x40x12\/\">Keyware ICT 250<\/a><\/li>\n<li><a href=\"http:\/\/123kassarollen.be\/fr\/produit\/rouleaux-bancontact-57x40x12\/\">Keyware IWL 250<\/a><\/li>\n<li><a href=\"http:\/\/123kassarollen.be\/fr\/produit\/rouleaux-bancontact-57x40x12\/\">Keyware IWL 251<\/a><\/li>\n<li><a href=\"http:\/\/123kassarollen.be\/fr\/produit\/rouleaux-bancontact-57x40x12\/\">Keyware IWL 252<\/a><\/li>\n<\/ul>\n<h4>Payworld<\/h4>\n<ul>\n<li><a href=\"http:\/\/123kassarollen.be\/fr\/produit\/rouleaux-bancontact-57x40x12\/\">tous les appareils<\/a><\/li>\n<li><a href=\"http:\/\/123kassarollen.be\/fr\/produit\/rouleaux-bancontact-57x40x12\/\">Pax S800<\/a><\/li>\n<\/ul>\n<\/div><div class=\"fusion-clearfix\"><\/div><\/div><\/div><\/div><div class=\"fusion-clearfix\"><\/div><\/div><\/div><div class=\"fusion-layout-column fusion_builder_column fusion-builder-column-1 fusion_builder_column_1_4 1_4 fusion-one-fourth fusion-column-last\" style=\"--awb-padding-top:0px;--awb-padding-right:10px;--awb-padding-left:10px;--awb-bg-size:cover;--awb-border-color:#f4f4f4;--awb-border-top:1px;--awb-border-right:1px;--awb-border-bottom:1px;--awb-border-left:1px;--awb-border-style:solid;width:25%;width:calc(25% - ( ( 4% ) * 0.25 ) );\"><div class=\"fusion-column-wrapper fusion-column-has-shadow fusion-flex-column-wrapper-legacy\"><div class=\"fusion-widget-area awb-widget-area-element fusion-widget-area-1 fusion-content-widget-area\" style=\"--awb-title-color:#212934;--awb-padding:0px 0px 0px 0px;\"><section id=\"aws_widget-2\" class=\"widget widget_aws_widget\" style=\"border-style: solid;border-color:transparent;border-width:0px;\"><div class=\"aws-container\" data-url=\"\/fr\/?wc-ajax=aws_action\" data-siteurl=\"https:\/\/123kassarollen.be\/fr\/\" data-lang=\"fr\" data-show-loader=\"true\" data-show-more=\"true\" data-show-page=\"true\" data-ajax-search=\"true\" data-show-clear=\"true\" data-mobile-screen=\"false\" data-use-analytics=\"false\" data-min-chars=\"1\" data-buttons-order=\"2\" data-timeout=\"300\" data-is-mobile=\"false\" data-page-id=\"0\" data-tax=\"\" ><form class=\"aws-search-form\" action=\"https:\/\/123kassarollen.be\/fr\/\" method=\"get\" role=\"search\" ><div class=\"aws-wrapper\"><label class=\"aws-search-label\" for=\"69e4500f7b799\">Search<\/label><input type=\"search\" name=\"s\" id=\"69e4500f7b799\" value=\"\" class=\"aws-search-field\" placeholder=\"Search\" autocomplete=\"off\" \/><input type=\"hidden\" name=\"post_type\" value=\"product\"><input type=\"hidden\" name=\"type_aws\" value=\"true\"><input type=\"hidden\" name=\"lang\" value=\"fr\"><div class=\"aws-search-clear\"><span>\u00d7<\/span><\/div><div class=\"aws-loader\"><\/div><\/div><div class=\"aws-search-btn aws-form-btn\"><span class=\"aws-search-btn_icon\"><svg focusable=\"false\" xmlns=\"http:\/\/www.w3.org\/2000\/svg\" viewBox=\"0 0 24 24\" width=\"24px\"><path d=\"M15.5 14h-.79l-.28-.27C15.41 12.59 16 11.11 16 9.5 16 5.91 13.09 3 9.5 3S3 5.91 3 9.5 5.91 16 9.5 16c1.61 0 3.09-.59 4.23-1.57l.27.28v.79l5 4.99L20.49 19l-4.99-5zm-6 0C7.01 14 5 11.99 5 9.5S7.01 5 9.5 5 14 7.01 14 9.5 11.99 14 9.5 14z\"><\/path><\/svg><\/span><\/div><\/form><\/div><\/section><style type=\"text\/css\" data-id=\"avada-vertical-menu-widget-2\">#avada-vertical-menu-widget-2 > ul.menu { margin-top: -8px; }<\/style><section id=\"avada-vertical-menu-widget-2\" class=\"widget avada_vertical_menu\" style=\"border-style: solid;border-color:transparent;border-width:0px;\"><style>#fusion-vertical-menu-widget-avada-vertical-menu-widget-2-nav ul.menu li a {font-size:14px;}<\/style><nav id=\"fusion-vertical-menu-widget-avada-vertical-menu-widget-2-nav\" class=\"fusion-vertical-menu-widget fusion-menu hover left no-border\" aria-label=\"Secondary Navigation: \"><ul id=\"menu-menu-frans\" class=\"menu\"><li id=\"menu-item-1416\" class=\"menu-item menu-item-type-post_type menu-item-object-page menu-item-has-children menu-item-1416\"><a href=\"https:\/\/123kassarollen.be\/fr\/rouleaux-de-caisse\/\"><span class=\"link-text\"> Rouleaux de caisse<\/span><span class=\"arrow\"><\/span><\/a><ul class=\"sub-menu\"><li id=\"menu-item-1415\" class=\"menu-item menu-item-type-post_type menu-item-object-page menu-item-1415\"><a href=\"https:\/\/123kassarollen.be\/fr\/rouleaux-thermique\/\"><span class=\"link-text\"> Rouleaux thermique<\/span><span class=\"arrow\"><\/span><\/a><\/li><li id=\"menu-item-1418\" class=\"menu-item menu-item-type-post_type menu-item-object-page menu-item-1418\"><a href=\"https:\/\/123kassarollen.be\/fr\/rouleaux-sans-bois\/\"><span class=\"link-text\"> Rouleaux sans bois<\/span><span class=\"arrow\"><\/span><\/a><\/li><li id=\"menu-item-1422\" class=\"menu-item menu-item-type-post_type menu-item-object-page menu-item-1422\"><a href=\"https:\/\/123kassarollen.be\/fr\/rouleaux-double\/\"><span class=\"link-text\"> Rouleaux double<\/span><span class=\"arrow\"><\/span><\/a><\/li><\/ul><\/li><li id=\"menu-item-1423\" class=\"menu-item menu-item-type-post_type menu-item-object-page menu-item-has-children menu-item-1423\"><a href=\"https:\/\/123kassarollen.be\/fr\/rouleaux-bancontact\/\"><span class=\"link-text\"> Rouleaux bancontact<\/span><span class=\"arrow\"><\/span><\/a><ul class=\"sub-menu\"><li id=\"menu-item-1615\" class=\"menu-item menu-item-type-post_type menu-item-object-page menu-item-1615\"><a href=\"https:\/\/123kassarollen.be\/fr\/rouleaux-bancontact\/\"><span class=\"link-text\"> Rouleaux bancontact<\/span><span class=\"arrow\"><\/span><\/a><\/li><li id=\"menu-item-1608\" class=\"menu-item menu-item-type-post_type menu-item-object-page menu-item-1608\"><a href=\"https:\/\/123kassarollen.be\/fr\/rouleaux-bancontact\/recherche-par-appareil\/\"><span class=\"link-text\"> Recherche par appareil<\/span><span class=\"arrow\"><\/span><\/a><\/li><\/ul><\/li><li id=\"menu-item-1412\" class=\"menu-item menu-item-type-post_type menu-item-object-page menu-item-1412\"><a href=\"https:\/\/123kassarollen.be\/fr\/rouleaux-balance\/\"><span class=\"link-text\"> Rouleaux balance<\/span><span class=\"arrow\"><\/span><\/a><\/li><li id=\"menu-item-1413\" class=\"menu-item menu-item-type-post_type menu-item-object-page menu-item-1413\"><a href=\"https:\/\/123kassarollen.be\/fr\/etiquettes-balance\/\"><span class=\"link-text\"> Etiquettes balance<\/span><span class=\"arrow\"><\/span><\/a><\/li><li id=\"menu-item-1421\" class=\"menu-item menu-item-type-post_type menu-item-object-page menu-item-1421\"><a href=\"https:\/\/123kassarollen.be\/fr\/etiquettes-dymo\/\"><span class=\"link-text\"> Etiquettes Dymo<\/span><span class=\"arrow\"><\/span><\/a><\/li><li id=\"menu-item-1411\" class=\"menu-item menu-item-type-post_type menu-item-object-page menu-item-1411\"><a href=\"https:\/\/123kassarollen.be\/fr\/etiquettes-zebra\/\"><span class=\"link-text\"> Etiquettes Zebra<\/span><span class=\"arrow\"><\/span><\/a><\/li><li id=\"menu-item-1414\" class=\"menu-item menu-item-type-post_type menu-item-object-page menu-item-1414\"><a href=\"https:\/\/123kassarollen.be\/fr\/etiquettes-dexpedition\/\"><span class=\"link-text\"> Etiquettes d\u2019exp\u00e9dition<\/span><span class=\"arrow\"><\/span><\/a><\/li><li id=\"menu-item-1419\" class=\"menu-item menu-item-type-post_type menu-item-object-page menu-item-1419\"><a href=\"https:\/\/123kassarollen.be\/fr\/etiquettes-personnalisees\/\"><span class=\"link-text\"> Etiquettes personnalis\u00e9es<\/span><span class=\"arrow\"><\/span><\/a><\/li><li id=\"menu-item-1420\" class=\"menu-item menu-item-type-post_type menu-item-object-page menu-item-1420\"><a href=\"https:\/\/123kassarollen.be\/fr\/etiquettes-epson\/\"><span class=\"link-text\"> Etiquettes Epson<\/span><span class=\"arrow\"><\/span><\/a><\/li><li id=\"menu-item-1821\" class=\"menu-item menu-item-type-post_type menu-item-object-page menu-item-1821\"><a href=\"https:\/\/123kassarollen.be\/fr\/etiquettes-brother\/\"><span class=\"link-text\"> Etiquettes brother<\/span><span class=\"arrow\"><\/span><\/a><\/li><li id=\"menu-item-1834\" class=\"menu-item menu-item-type-post_type menu-item-object-page menu-item-1834\"><a href=\"https:\/\/123kassarollen.be\/fr\/etiquettes-pharmacie\/\"><span class=\"link-text\"> Etiquettes pharmacie<\/span><span class=\"arrow\"><\/span><\/a><\/li><li id=\"menu-item-1847\" class=\"menu-item menu-item-type-post_type menu-item-object-page menu-item-1847\"><a href=\"https:\/\/123kassarollen.be\/fr\/hygiene\/\"><span class=\"link-text\"> Masques buccaux<\/span><span class=\"arrow\"><\/span><\/a><\/li><\/ul><\/nav><\/section><div class=\"fusion-additional-widget-content\"><\/div><\/div><div class=\"fusion-clearfix\"><\/div><\/div><\/div><div class=\"fusion-layout-column fusion_builder_column fusion-builder-column-2 fusion_builder_column_1_2 1_2 fusion-one-half fusion-column-first\" style=\"--awb-bg-size:cover;width:50%;width:calc(50% - ( ( 4% ) * 0.5 ) );margin-right: 4%;\"><div class=\"fusion-column-wrapper fusion-column-has-shadow fusion-flex-column-wrapper-legacy\"><div class=\"fusion-text fusion-text-4\"><p style=\"text-align: left; font-size: 17px;\"><strong>Ne trouve pas votre appareil, o\u00fa vous n&rsquo;\u00eates pas s\u00fbr?<\/strong><\/p>\n<\/div><div class=\"fusion-button-wrapper\"><a class=\"fusion-button button-flat fusion-button-default-size button-default fusion-button-default button-1 fusion-button-default-span fusion-button-default-type\" target=\"_self\" href=\"http:\/\/123kassarollen.be\/fr\/contact\/\"><span class=\"fusion-button-text\">Consultez-nous<\/span><\/a><\/div><div class=\"fusion-clearfix\"><\/div><\/div><\/div><\/div><\/div>\n","protected":false},"excerpt":{"rendered":"","protected":false},"author":2,"featured_media":0,"parent":1383,"menu_order":0,"comment_status":"closed","ping_status":"closed","template":"","meta":{"_acf_changed":false,"footnotes":""},"class_list":["post-1596","page","type-page","status-publish","hentry"],"acf":[],"_links":{"self":[{"href":"https:\/\/123kassarollen.be\/fr\/wp-json\/wp\/v2\/pages\/1596","targetHints":{"allow":["GET"]}}],"collection":[{"href":"https:\/\/123kassarollen.be\/fr\/wp-json\/wp\/v2\/pages"}],"about":[{"href":"https:\/\/123kassarollen.be\/fr\/wp-json\/wp\/v2\/types\/page"}],"author":[{"embeddable":true,"href":"https:\/\/123kassarollen.be\/fr\/wp-json\/wp\/v2\/users\/2"}],"replies":[{"embeddable":true,"href":"https:\/\/123kassarollen.be\/fr\/wp-json\/wp\/v2\/comments?post=1596"}],"version-history":[{"count":12,"href":"https:\/\/123kassarollen.be\/fr\/wp-json\/wp\/v2\/pages\/1596\/revisions"}],"predecessor-version":[{"id":1892,"href":"https:\/\/123kassarollen.be\/fr\/wp-json\/wp\/v2\/pages\/1596\/revisions\/1892"}],"up":[{"embeddable":true,"href":"https:\/\/123kassarollen.be\/fr\/wp-json\/wp\/v2\/pages\/1383"}],"wp:attachment":[{"href":"https:\/\/123kassarollen.be\/fr\/wp-json\/wp\/v2\/media?parent=1596"}],"curies":[{"name":"wp","href":"https:\/\/api.w.org\/{rel}","templated":true}]}}